{"id":32,"date":"2023-06-26T12:35:44","date_gmt":"2023-06-26T12:35:44","guid":{"rendered":"https:\/\/javierfsebastian.es\/?page_id=32"},"modified":"2024-05-24T10:16:44","modified_gmt":"2024-05-24T10:16:44","slug":"seminarios","status":"publish","type":"page","link":"https:\/\/javierfsebastian.es\/?page_id=32","title":{"rendered":"SEMINARIOS"},"content":{"rendered":"\n<hr class=\"wp-block-separator has-alpha-channel-opacity is-style-wide\"\/>\n\n\n\n<hr class=\"wp-block-separator has-alpha-channel-opacity is-style-wide\"\/>\n\n\n\n<p><strong>Seminario: <\/strong>Presentaci\u00f3n y discusi\u00f3n del cap. 6 del libro de Javier Fern\u00e1ndez Sebasti\u00e1n&nbsp;\u00ab<em>Key Metaphors for History. Mirrors of Time<\/em>\u00ab<\/p>\n\n\n\n<p><strong>Organizaci\u00f3n<\/strong>: equipo Temporalidad de Iberconceptos<\/p>\n\n\n\n<p><strong>Lugar: <\/strong>Seminario en l\u00ednea.<\/p>\n\n\n\n<p><strong>Fecha:<\/strong> 9\/5\/2024 <\/p>\n\n\n\n<div class=\"wp-block-buttons is-content-justification-center is-layout-flex wp-container-1\">\n<div class=\"wp-block-button\"><a class=\"wp-block-button__link wp-element-button\" href=\"https:\/\/www.youtube.com\/watch?v=jb3jF8Pd-yc\" target=\"_blank\" rel=\"noreferrer noopener\">Enlace<\/a><\/div>\n<\/div>\n\n\n\n<hr class=\"wp-block-separator has-alpha-channel-opacity is-style-wide\"\/>\n\n\n\n<p><strong>T\u00edtulo del seminario:<\/strong>&nbsp;<em>Cambios hist\u00f3ricos e historiograf\u00eda<\/em><br><strong><strong>Ponentes:<\/strong>&nbsp;<\/strong>Javier Fern\u00e1ndez Sebasti\u00e1n, Mario Migliaccio y Pedr\u00f3 Jos\u00e9 Chac\u00f3n Delgado<strong><br><strong>Organizaci\u00f3n:<\/strong>&nbsp;<\/strong>Grupo de Historia Intelectual de la Pol\u00edtica Moderna<strong><br><strong>Lugar:<\/strong>&nbsp;<\/strong>Campus de Leioa, Fac. Ciencias Sociales, Seminario C<strong><br><strong>Fecha:<\/strong>&nbsp;<\/strong>25\/01\/2024<\/p>\n\n\n<div class=\"wp-block-image\">\n<figure class=\"aligncenter size-large is-resized\"><a href=\"https:\/\/javierfsebastian.es\/wp-content\/uploads\/2023\/12\/Captura-de-Pantalla-2023-12-20-a-las-11.19.44-1.png\"><img decoding=\"async\" loading=\"lazy\" src=\"https:\/\/javierfsebastian.es\/wp-content\/uploads\/2023\/12\/Captura-de-Pantalla-2023-12-20-a-las-11.19.44-1-720x1024.png\" alt=\"\" class=\"wp-image-371\" width=\"209\" height=\"297\" srcset=\"https:\/\/javierfsebastian.es\/wp-content\/uploads\/2023\/12\/Captura-de-Pantalla-2023-12-20-a-las-11.19.44-1-720x1024.png 720w, https:\/\/javierfsebastian.es\/wp-content\/uploads\/2023\/12\/Captura-de-Pantalla-2023-12-20-a-las-11.19.44-1-211x300.png 211w, https:\/\/javierfsebastian.es\/wp-content\/uploads\/2023\/12\/Captura-de-Pantalla-2023-12-20-a-las-11.19.44-1-768x1092.png 768w, https:\/\/javierfsebastian.es\/wp-content\/uploads\/2023\/12\/Captura-de-Pantalla-2023-12-20-a-las-11.19.44-1.png 928w\" sizes=\"(max-width: 209px) 100vw, 209px\" \/><\/a><\/figure><\/div>\n\n\n<p class=\"has-text-align-center has-white-color has-cyan-bluish-gray-background-color has-text-color has-background\">Presentaci\u00f3n deL Libro \u201cHistoria conceptual en el Atl\u00e1ntico ib\u00e9rico. Lenguajes tiempos, revoluciones\u201d<\/p>\n\n\n\n<p>El lunes 9 de mayo se present\u00f3 en Madrid el libro de Javier Fern\u00e1ndez Sebasti\u00e1n \u201cHistoria conceptual en el Atl\u00e1ntico ib\u00e9rico. Lenguajes tiempos, revoluciones\u201d&nbsp;(FCE). El acto tuvo lugar en la Casa de Am\u00e9rica (Plaza de Cibeles, s\/n), con la participaci\u00f3n de Juan Francisco Fuentes (Universidad Complutense).<\/p>\n\n\n\n<figure class=\"wp-block-image size-full\"><img decoding=\"async\" loading=\"lazy\" width=\"1024\" height=\"512\" src=\"https:\/\/javierfsebastian.es\/wp-content\/uploads\/2023\/06\/imagen-24-1.jpg\" alt=\"\" class=\"wp-image-301\" srcset=\"https:\/\/javierfsebastian.es\/wp-content\/uploads\/2023\/06\/imagen-24-1.jpg 1024w, https:\/\/javierfsebastian.es\/wp-content\/uploads\/2023\/06\/imagen-24-1-300x150.jpg 300w, https:\/\/javierfsebastian.es\/wp-content\/uploads\/2023\/06\/imagen-24-1-768x384.jpg 768w\" sizes=\"(max-width: 1024px) 100vw, 1024px\" \/><\/figure>\n\n\n\n<hr class=\"wp-block-separator has-alpha-channel-opacity is-style-wide\"\/>\n\n\n\n<p class=\"has-text-align-center has-white-color has-cyan-bluish-gray-background-color has-text-color has-background\" style=\"font-size:18px\">Discusi\u00f3n del texto \u201cVoces del pasado\u201d en el Seminario Permanente de Teor\u00eda de la Historia<\/p>\n\n\n\n<p>Organizado y dirigido por los acad\u00e9micos Fernando Betancourt (UNAM) y Daniel Ovalle (Universidad Adolfo Ib\u00e1\u00f1ez y Universidad Andr\u00e9s Bello, Chile). <\/p>\n\n\n\n<p>Sesi\u00f3n del 22.03.2021<\/p>\n\n\n\n<figure class=\"wp-block-embed is-type-video is-provider-youtube wp-block-embed-youtube wp-embed-aspect-16-9 wp-has-aspect-ratio\"><div class=\"wp-block-embed__wrapper\">\n<iframe loading=\"lazy\" title=\"Javier Fern\u00e1ndez Sebasti\u00e1n. Conferencia: &quot;Voces del pasado&quot;\" width=\"640\" height=\"360\" src=\"https:\/\/www.youtube.com\/embed\/YMiyVPmwo2o?feature=oembed\" frameborder=\"0\" allow=\"accelerometer; autoplay; clipboard-write; encrypted-media; gyroscope; picture-in-picture; web-share\" referrerpolicy=\"strict-origin-when-cross-origin\" allowfullscreen><\/iframe>\n<\/div><\/figure>\n\n\n\n<hr class=\"wp-block-separator has-alpha-channel-opacity is-style-wide\"\/>\n\n\n\n<p class=\"has-text-align-center has-white-color has-cyan-bluish-gray-background-color has-text-color has-background\" style=\"font-size:18px\">Crisis: The Ups and Downs of a Key Concept of our Time<\/p>\n\n\n\n<div class=\"wp-block-file\"><object class=\"wp-block-file__embed\" data=\"https:\/\/javierfsebastian.es\/wp-content\/uploads\/2023\/06\/Crisis-with-Javier-Fernandez-Sebastian-1.pdf\" type=\"application\/pdf\" style=\"width:100%;height:600px\" aria-label=\"Incrustado de Crisis-with-Javier-Fernandez-Sebastian-1.\"><\/object><a id=\"wp-block-file--media-799902e2-03af-40ed-9674-83288e044bfd\" href=\"https:\/\/javierfsebastian.es\/wp-content\/uploads\/2023\/06\/Crisis-with-Javier-Fernandez-Sebastian-1.pdf\">Crisis-with-Javier-Fernandez-Sebastian-1<\/a><a href=\"https:\/\/javierfsebastian.es\/wp-content\/uploads\/2023\/06\/Crisis-with-Javier-Fernandez-Sebastian-1.pdf\" class=\"wp-block-file__button wp-element-button\" download aria-describedby=\"wp-block-file--media-799902e2-03af-40ed-9674-83288e044bfd\">Descarga<\/a><\/div>\n\n\n\n<hr class=\"wp-block-separator has-alpha-channel-opacity is-style-wide\"\/>\n\n\n\n<p class=\"has-text-align-center has-white-color has-cyan-bluish-gray-background-color has-text-color has-background\" style=\"font-size:18px\">Iberconceptos: Ciclo de charlas abiertas al p\u00fablico<\/p>\n\n\n\n<div class=\"wp-block-columns is-layout-flex wp-container-4\">\n<div class=\"wp-block-column is-layout-flow\">\n<figure class=\"wp-block-image size-large\"><img decoding=\"async\" loading=\"lazy\" width=\"1024\" height=\"670\" src=\"https:\/\/javierfsebastian.es\/wp-content\/uploads\/2023\/06\/imagen-22-4-1024x670.jpg\" alt=\"\" class=\"wp-image-298\" srcset=\"https:\/\/javierfsebastian.es\/wp-content\/uploads\/2023\/06\/imagen-22-4-1024x670.jpg 1024w, https:\/\/javierfsebastian.es\/wp-content\/uploads\/2023\/06\/imagen-22-4-300x196.jpg 300w, https:\/\/javierfsebastian.es\/wp-content\/uploads\/2023\/06\/imagen-22-4-768x502.jpg 768w, https:\/\/javierfsebastian.es\/wp-content\/uploads\/2023\/06\/imagen-22-4-1536x1005.jpg 1536w, https:\/\/javierfsebastian.es\/wp-content\/uploads\/2023\/06\/imagen-22-4-2048x1339.jpg 2048w\" sizes=\"(max-width: 1024px) 100vw, 1024px\" \/><\/figure>\n<\/div>\n\n\n\n<div class=\"wp-block-column is-layout-flow\">\n<figure class=\"wp-block-image size-full\"><img decoding=\"async\" loading=\"lazy\" width=\"679\" height=\"1024\" src=\"https:\/\/javierfsebastian.es\/wp-content\/uploads\/2023\/06\/imagen-21-2-3.webp\" alt=\"\" class=\"wp-image-299\" srcset=\"https:\/\/javierfsebastian.es\/wp-content\/uploads\/2023\/06\/imagen-21-2-3.webp 679w, https:\/\/javierfsebastian.es\/wp-content\/uploads\/2023\/06\/imagen-21-2-3-199x300.webp 199w\" sizes=\"(max-width: 679px) 100vw, 679px\" \/><\/figure>\n<\/div>\n<\/div>\n\n\n\n<hr class=\"wp-block-separator has-alpha-channel-opacity is-style-wide\"\/>\n\n\n\n<p class=\"has-text-align-center has-white-color has-cyan-bluish-gray-background-color has-text-color has-background\" style=\"font-size:18px\">Conceptos pol\u00edticos Ecuador, 1750-1880<\/p>\n\n\n\n<div class=\"wp-block-file\"><object class=\"wp-block-file__embed\" data=\"https:\/\/javierfsebastian.es\/wp-content\/uploads\/2023\/06\/ProgramaTallerIberconceptos-Ecuador-1.pdf\" type=\"application\/pdf\" style=\"width:100%;height:600px\" aria-label=\"Incrustado de ProgramaTallerIberconceptos-Ecuador-1.\"><\/object><a id=\"wp-block-file--media-5709740d-a506-414a-9112-3538b3447f46\" href=\"https:\/\/javierfsebastian.es\/wp-content\/uploads\/2023\/06\/ProgramaTallerIberconceptos-Ecuador-1.pdf\">ProgramaTallerIberconceptos-Ecuador-1<\/a><a href=\"https:\/\/javierfsebastian.es\/wp-content\/uploads\/2023\/06\/ProgramaTallerIberconceptos-Ecuador-1.pdf\" class=\"wp-block-file__button wp-element-button\" download aria-describedby=\"wp-block-file--media-5709740d-a506-414a-9112-3538b3447f46\">Descarga<\/a><\/div>\n\n\n\n<hr class=\"wp-block-separator has-alpha-channel-opacity is-style-wide\"\/>\n\n\n\n<p class=\"has-text-align-center has-white-color has-cyan-bluish-gray-background-color has-text-color has-background\" style=\"font-size:18px\">Historia Conceptual y Modernidad Iberoamericanas<\/p>\n\n\n\n<figure class=\"wp-block-image size-full\"><img decoding=\"async\" loading=\"lazy\" width=\"1024\" height=\"724\" src=\"https:\/\/javierfsebastian.es\/wp-content\/uploads\/2023\/06\/buenos-aires-f-1.jpg\" alt=\"\" class=\"wp-image-296\" srcset=\"https:\/\/javierfsebastian.es\/wp-content\/uploads\/2023\/06\/buenos-aires-f-1.jpg 1024w, https:\/\/javierfsebastian.es\/wp-content\/uploads\/2023\/06\/buenos-aires-f-1-300x212.jpg 300w, https:\/\/javierfsebastian.es\/wp-content\/uploads\/2023\/06\/buenos-aires-f-1-768x543.jpg 768w\" sizes=\"(max-width: 1024px) 100vw, 1024px\" \/><\/figure>\n\n\n\n<hr class=\"wp-block-separator has-alpha-channel-opacity is-style-wide\"\/>\n\n\n\n<p class=\"has-text-align-center has-white-color has-cyan-bluish-gray-background-color has-text-color has-background\" style=\"font-size:18px\">Congreso Internacional. Conceptos transatl\u00e1nticos: Nuevos retos y enfoques hist\u00f3ricos para iberconceptos<\/p>\n\n\n\n<div class=\"wp-block-columns is-layout-flex wp-container-7\">\n<div class=\"wp-block-column is-layout-flow\">\n<figure class=\"wp-block-image size-large\"><img decoding=\"async\" loading=\"lazy\" width=\"1024\" height=\"768\" src=\"https:\/\/javierfsebastian.es\/wp-content\/uploads\/2023\/06\/IMG_20180323_112920-3-1024x768.jpg\" alt=\"\" class=\"wp-image-293\" srcset=\"https:\/\/javierfsebastian.es\/wp-content\/uploads\/2023\/06\/IMG_20180323_112920-3-1024x768.jpg 1024w, https:\/\/javierfsebastian.es\/wp-content\/uploads\/2023\/06\/IMG_20180323_112920-3-300x225.jpg 300w, https:\/\/javierfsebastian.es\/wp-content\/uploads\/2023\/06\/IMG_20180323_112920-3-768x576.jpg 768w, https:\/\/javierfsebastian.es\/wp-content\/uploads\/2023\/06\/IMG_20180323_112920-3-1536x1152.jpg 1536w, https:\/\/javierfsebastian.es\/wp-content\/uploads\/2023\/06\/IMG_20180323_112920-3-2048x1536.jpg 2048w\" sizes=\"(max-width: 1024px) 100vw, 1024px\" \/><\/figure>\n<\/div>\n\n\n\n<div class=\"wp-block-column is-layout-flow\">\n<div class=\"wp-block-file\"><object class=\"wp-block-file__embed\" data=\"https:\/\/javierfsebastian.es\/wp-content\/uploads\/2023\/06\/Conceptos-transatlanticos-2.pdf\" type=\"application\/pdf\" style=\"width:100%;height:600px\" aria-label=\"Incrustado de Conceptos-transatlanticos-2.\"><\/object><a id=\"wp-block-file--media-55ede05d-4f14-4a24-a141-b7c6ee24927e\" href=\"https:\/\/javierfsebastian.es\/wp-content\/uploads\/2023\/06\/Conceptos-transatlanticos-2.pdf\">Conceptos-transatlanticos-2<\/a><a href=\"https:\/\/javierfsebastian.es\/wp-content\/uploads\/2023\/06\/Conceptos-transatlanticos-2.pdf\" class=\"wp-block-file__button wp-element-button\" download aria-describedby=\"wp-block-file--media-55ede05d-4f14-4a24-a141-b7c6ee24927e\">Descarga<\/a><\/div>\n<\/div>\n<\/div>\n\n\n\n<hr class=\"wp-block-separator has-alpha-channel-opacity is-style-wide\"\/>\n\n\n\n<p class=\"has-text-align-center has-white-color has-cyan-bluish-gray-background-color has-text-color has-background\" style=\"font-size:18px\">Congreso Internacional \u201cLa tradici\u00f3n liberal en torno a Ortega y Gasset\u201d<\/p>\n\n\n\n<p>Fundaci\u00f3n Jos\u00e9 Ortega y Gasset \u2013 Gregorio Mara\u00f1\u00f3n, Centro de Estudios Orteguianos \u2013 Facultades de Filosof\u00eda y de Ciencias Pol\u00edticas y Sociaolog\u00eda de la UCM. Madrid, 30 de noviembre-2 de diciembre de 2016.<\/p>\n\n\n\n<div class=\"wp-block-file\"><object class=\"wp-block-file__embed\" data=\"https:\/\/javierfsebastian.es\/wp-content\/uploads\/2023\/06\/Programa-Congreso-Ortega-Tradicion-liberal-2016.pdf\" type=\"application\/pdf\" style=\"width:100%;height:600px\" aria-label=\"Incrustado de Programa-Congreso-Ortega-Tradicion-liberal-2016.\"><\/object><a id=\"wp-block-file--media-bb47e824-637e-4625-97f9-6ca275fae134\" href=\"https:\/\/javierfsebastian.es\/wp-content\/uploads\/2023\/06\/Programa-Congreso-Ortega-Tradicion-liberal-2016.pdf\" target=\"_blank\" rel=\"noreferrer noopener\">Programa-Congreso-Ortega-Tradicion-liberal-2016<\/a><a href=\"https:\/\/javierfsebastian.es\/wp-content\/uploads\/2023\/06\/Programa-Congreso-Ortega-Tradicion-liberal-2016.pdf\" class=\"wp-block-file__button wp-element-button\" download aria-describedby=\"wp-block-file--media-bb47e824-637e-4625-97f9-6ca275fae134\">Descarga<\/a><\/div>\n\n\n\n<hr class=\"wp-block-separator has-alpha-channel-opacity is-style-wide\"\/>\n\n\n\n<p class=\"has-text-align-center has-white-color has-cyan-bluish-gray-background-color has-text-color has-background\" style=\"font-size:18px\">II Seminario Internacional Permanente: Comprender los mundos ib\u00e9ricos<\/p>\n\n\n<div class=\"wp-block-image\">\n<figure class=\"aligncenter size-large is-resized\"><img decoding=\"async\" loading=\"lazy\" src=\"https:\/\/javierfsebastian.es\/wp-content\/uploads\/2023\/06\/II-Seminario-Internacional-Permanente_10-nov-2016-728x1024.jpg\" alt=\"\" class=\"wp-image-228\" width=\"524\" height=\"737\" srcset=\"https:\/\/javierfsebastian.es\/wp-content\/uploads\/2023\/06\/II-Seminario-Internacional-Permanente_10-nov-2016-728x1024.jpg 728w, https:\/\/javierfsebastian.es\/wp-content\/uploads\/2023\/06\/II-Seminario-Internacional-Permanente_10-nov-2016-213x300.jpg 213w, https:\/\/javierfsebastian.es\/wp-content\/uploads\/2023\/06\/II-Seminario-Internacional-Permanente_10-nov-2016-768x1080.jpg 768w, https:\/\/javierfsebastian.es\/wp-content\/uploads\/2023\/06\/II-Seminario-Internacional-Permanente_10-nov-2016-1092x1536.jpg 1092w, https:\/\/javierfsebastian.es\/wp-content\/uploads\/2023\/06\/II-Seminario-Internacional-Permanente_10-nov-2016-1456x2048.jpg 1456w, https:\/\/javierfsebastian.es\/wp-content\/uploads\/2023\/06\/II-Seminario-Internacional-Permanente_10-nov-2016-scaled.jpg 1820w\" sizes=\"(max-width: 524px) 100vw, 524px\" \/><\/figure><\/div>\n\n\n<hr class=\"wp-block-separator has-alpha-channel-opacity is-style-wide\"\/>\n\n\n\n<p class=\"has-text-align-center has-white-color has-cyan-bluish-gray-background-color has-text-color has-background\" style=\"font-size:18px\">Seminario GHIPM: Conceptos pol\u00edticos y conceptos teol\u00f3gicos<\/p>\n\n\n<div class=\"wp-block-image\">\n<figure class=\"aligncenter size-full\"><img decoding=\"async\" loading=\"lazy\" width=\"424\" height=\"596\" src=\"https:\/\/javierfsebastian.es\/wp-content\/uploads\/2023\/06\/seminario-18-nov-2016-1.png\" alt=\"\" class=\"wp-image-295\" srcset=\"https:\/\/javierfsebastian.es\/wp-content\/uploads\/2023\/06\/seminario-18-nov-2016-1.png 424w, https:\/\/javierfsebastian.es\/wp-content\/uploads\/2023\/06\/seminario-18-nov-2016-1-213x300.png 213w\" sizes=\"(max-width: 424px) 100vw, 424px\" \/><\/figure><\/div>","protected":false},"excerpt":{"rendered":"<p>Seminario: Presentaci\u00f3n y discusi\u00f3n del cap. 6 del libro de Javier Fern\u00e1ndez Sebasti\u00e1n&nbsp;\u00abKey Metaphors for History. Mirrors of Time\u00ab Organizaci\u00f3n: equipo Temporalidad de Iberconceptos Lugar: Seminario en l\u00ednea. Fecha: 9\/5\/2024&#8230;<\/p>\n","protected":false},"author":1,"featured_media":0,"parent":0,"menu_order":0,"comment_status":"closed","ping_status":"closed","template":"","meta":[],"_links":{"self":[{"href":"https:\/\/javierfsebastian.es\/index.php?rest_route=\/wp\/v2\/pages\/32"}],"collection":[{"href":"https:\/\/javierfsebastian.es\/index.php?rest_route=\/wp\/v2\/pages"}],"about":[{"href":"https:\/\/javierfsebastian.es\/index.php?rest_route=\/wp\/v2\/types\/page"}],"author":[{"embeddable":true,"href":"https:\/\/javierfsebastian.es\/index.php?rest_route=\/wp\/v2\/users\/1"}],"replies":[{"embeddable":true,"href":"https:\/\/javierfsebastian.es\/index.php?rest_route=%2Fwp%2Fv2%2Fcomments&post=32"}],"version-history":[{"count":5,"href":"https:\/\/javierfsebastian.es\/index.php?rest_route=\/wp\/v2\/pages\/32\/revisions"}],"predecessor-version":[{"id":437,"href":"https:\/\/javierfsebastian.es\/index.php?rest_route=\/wp\/v2\/pages\/32\/revisions\/437"}],"wp:attachment":[{"href":"https:\/\/javierfsebastian.es\/index.php?rest_route=%2Fwp%2Fv2%2Fmedia&parent=32"}],"curies":[{"name":"wp","href":"https:\/\/api.w.org\/{rel}","templated":true}]}}